{"id":9,"date":"2025-12-11T15:38:13","date_gmt":"2025-12-11T15:38:13","guid":{"rendered":"https:\/\/doan.wtf\/?page_id=9"},"modified":"2025-12-12T15:23:41","modified_gmt":"2025-12-12T08:23:41","slug":"cart","status":"publish","type":"page","link":"https:\/\/doan.wtf\/?page_id=9","title":{"rendered":"Cart"},"content":{"rendered":"\n<div data-block-name=\"woocommerce\/cart\" class=\"wp-block-woocommerce-cart alignwide is-loading\">\n<div data-block-name=\"woocommerce\/filled-cart-block\" class=\"wp-block-woocommerce-filled-cart-block\">\n<div data-block-name=\"woocommerce\/cart-items-block\" class=\"wp-block-woocommerce-cart-items-block\">\n<div data-block-name=\"woocommerce\/cart-line-items-block\" class=\"wp-block-woocommerce-cart-line-items-block\"><\/div>\n\n\n<\/div>\n\n\n\n\n<div data-block-name=\"woocommerce\/cart-totals-block\" class=\"wp-block-woocommerce-cart-totals-block\">\n<div data-block-name=\"woocommerce\/cart-order-summary-block\" class=\"wp-block-woocommerce-cart-order-summary-block\">\n<div data-block-name=\"woocommerce\/cart-order-summary-heading-block\" class=\"wp-block-woocommerce-cart-order-summary-heading-block\"><\/div><div data-block-name=\"woocommerce\/cart-order-summary-coupon-form-block\" class=\"wp-block-woocommerce-cart-order-summary-coupon-form-block\"><\/div><div data-block-name=\"woocommerce\/cart-order-summary-totals-block\" class=\"wp-block-woocommerce-cart-order-summary-totals-block\">\n<div data-block-name=\"woocommerce\/cart-order-summary-subtotal-block\" class=\"wp-block-woocommerce-cart-order-summary-subtotal-block\"><\/div>\n<div data-block-name=\"woocommerce\/cart-order-summary-discount-block\" class=\"wp-block-woocommerce-cart-order-summary-discount-block\"><\/div>\n<div data-block-name=\"woocommerce\/cart-order-summary-fee-block\" class=\"wp-block-woocommerce-cart-order-summary-fee-block\"><\/div>\n<div data-block-name=\"woocommerce\/cart-order-summary-shipping-block\" class=\"wp-block-woocommerce-cart-order-summary-shipping-block\"><\/div>\n<div data-block-name=\"woocommerce\/cart-order-summary-taxes-block\" class=\"wp-block-woocommerce-cart-order-summary-taxes-block\"><\/div><\/div>\n<\/div>\n\n\n\n<div data-block-name=\"woocommerce\/cart-express-payment-block\" class=\"wp-block-woocommerce-cart-express-payment-block\"><\/div>\n\n\n\n<div data-block-name=\"woocommerce\/proceed-to-checkout-block\" class=\"wp-block-woocommerce-proceed-to-checkout-block\"><\/div>\n\n\n\n<div data-block-name=\"woocommerce\/cart-accepted-payment-methods-block\" class=\"wp-block-woocommerce-cart-accepted-payment-methods-block\"><\/div>\n<\/div>\n<\/div>\n\n\n\n<div data-block-name=\"woocommerce\/empty-cart-block\" class=\"wp-block-woocommerce-empty-cart-block\">\n<h2 class=\"wp-block-heading has-text-align-center with-empty-cart-icon wc-block-cart__empty-cart__title\">Your cart is currently empty!<\/h2>\n\n\n\n<hr class=\"wp-block-separator has-alpha-channel-opacity is-style-dots\"\/>\n\n\n\n<h2 class=\"wp-block-heading has-text-align-center\">New in store<\/h2>\n\n\n<\/div>\n<\/div>\n","protected":false},"excerpt":{"rendered":"","protected":false},"author":1,"featured_media":0,"parent":0,"menu_order":0,"comment_status":"closed","ping_status":"closed","template":"","meta":{"footnotes":""},"class_list":["post-9","page","type-page","status-publish","hentry"],"yoast_head":"<!-- This site is optimized with the Yoast SEO plugin v26.5 - https:\/\/yoast.com\/wordpress\/plugins\/seo\/ -->\n<title>Cart - \u0110\u1ed3 \u0102n IT<\/title>\n<meta name=\"robots\" content=\"index, follow, max-snippet:-1, max-image-preview:large, max-video-preview:-1\" \/>\n<link rel=\"canonical\" href=\"https:\/\/doan.wtf\/?page_id=9\" \/>\n<meta property=\"og:locale\" content=\"en_US\" \/>\n<meta property=\"og:type\" content=\"article\" \/>\n<meta property=\"og:title\" content=\"Cart - \u0110\u1ed3 \u0102n IT\" \/>\n<meta property=\"og:url\" content=\"https:\/\/doan.wtf\/?page_id=9\" \/>\n<meta property=\"og:site_name\" content=\"\u0110\u1ed3 \u0102n IT\" \/>\n<meta property=\"article:modified_time\" content=\"2025-12-12T08:23:41+00:00\" \/>\n<meta name=\"twitter:card\" content=\"summary_large_image\" \/>\n<script type=\"application\/ld+json\" class=\"yoast-schema-graph\">{\"@context\":\"https:\/\/schema.org\",\"@graph\":[{\"@type\":\"WebPage\",\"@id\":\"https:\/\/doan.wtf\/?page_id=9\",\"url\":\"https:\/\/doan.wtf\/?page_id=9\",\"name\":\"Cart - \u0110\u1ed3 \u0102n IT\",\"isPartOf\":{\"@id\":\"https:\/\/doan.wtf\/#website\"},\"datePublished\":\"2025-12-11T15:38:13+00:00\",\"dateModified\":\"2025-12-12T08:23:41+00:00\",\"breadcrumb\":{\"@id\":\"https:\/\/doan.wtf\/?page_id=9#breadcrumb\"},\"inLanguage\":\"en-US\",\"potentialAction\":[{\"@type\":\"ReadAction\",\"target\":[\"https:\/\/doan.wtf\/?page_id=9\"]}]},{\"@type\":\"BreadcrumbList\",\"@id\":\"https:\/\/doan.wtf\/?page_id=9#breadcrumb\",\"itemListElement\":[{\"@type\":\"ListItem\",\"position\":1,\"name\":\"Home\",\"item\":\"https:\/\/doan.wtf\/\"},{\"@type\":\"ListItem\",\"position\":2,\"name\":\"Cart\"}]},{\"@type\":\"WebSite\",\"@id\":\"https:\/\/doan.wtf\/#website\",\"url\":\"https:\/\/doan.wtf\/\",\"name\":\"\u0110\u1ed3 \u0102n IT\",\"description\":\"Chuy\u00ean b\u00e1n \u0110\u1ed3 \u0102n cho IT\",\"publisher\":{\"@id\":\"https:\/\/doan.wtf\/#organization\"},\"potentialAction\":[{\"@type\":\"SearchAction\",\"target\":{\"@type\":\"EntryPoint\",\"urlTemplate\":\"https:\/\/doan.wtf\/?s={search_term_string}\"},\"query-input\":{\"@type\":\"PropertyValueSpecification\",\"valueRequired\":true,\"valueName\":\"search_term_string\"}}],\"inLanguage\":\"en-US\"},{\"@type\":\"Organization\",\"@id\":\"https:\/\/doan.wtf\/#organization\",\"name\":\"\u0110\u1ed3 \u0102n IT\",\"url\":\"https:\/\/doan.wtf\/\",\"logo\":{\"@type\":\"ImageObject\",\"inLanguage\":\"en-US\",\"@id\":\"https:\/\/doan.wtf\/#\/schema\/logo\/image\/\",\"url\":\"https:\/\/doan.wtf\/wp-content\/uploads\/2025\/12\/Gemini_Generated_Image_xjd15bxjd15bxjd1-scaled.png\",\"contentUrl\":\"https:\/\/doan.wtf\/wp-content\/uploads\/2025\/12\/Gemini_Generated_Image_xjd15bxjd15bxjd1-scaled.png\",\"width\":2560,\"height\":1396,\"caption\":\"\u0110\u1ed3 \u0102n IT\"},\"image\":{\"@id\":\"https:\/\/doan.wtf\/#\/schema\/logo\/image\/\"}}]}<\/script>\n<!-- \/ Yoast SEO plugin. -->","yoast_head_json":{"title":"Cart - \u0110\u1ed3 \u0102n IT","robots":{"index":"index","follow":"follow","max-snippet":"max-snippet:-1","max-image-preview":"max-image-preview:large","max-video-preview":"max-video-preview:-1"},"canonical":"https:\/\/doan.wtf\/?page_id=9","og_locale":"en_US","og_type":"article","og_title":"Cart - \u0110\u1ed3 \u0102n IT","og_url":"https:\/\/doan.wtf\/?page_id=9","og_site_name":"\u0110\u1ed3 \u0102n IT","article_modified_time":"2025-12-12T08:23:41+00:00","twitter_card":"summary_large_image","schema":{"@context":"https:\/\/schema.org","@graph":[{"@type":"WebPage","@id":"https:\/\/doan.wtf\/?page_id=9","url":"https:\/\/doan.wtf\/?page_id=9","name":"Cart - \u0110\u1ed3 \u0102n IT","isPartOf":{"@id":"https:\/\/doan.wtf\/#website"},"datePublished":"2025-12-11T15:38:13+00:00","dateModified":"2025-12-12T08:23:41+00:00","breadcrumb":{"@id":"https:\/\/doan.wtf\/?page_id=9#breadcrumb"},"inLanguage":"en-US","potentialAction":[{"@type":"ReadAction","target":["https:\/\/doan.wtf\/?page_id=9"]}]},{"@type":"BreadcrumbList","@id":"https:\/\/doan.wtf\/?page_id=9#breadcrumb","itemListElement":[{"@type":"ListItem","position":1,"name":"Home","item":"https:\/\/doan.wtf\/"},{"@type":"ListItem","position":2,"name":"Cart"}]},{"@type":"WebSite","@id":"https:\/\/doan.wtf\/#website","url":"https:\/\/doan.wtf\/","name":"\u0110\u1ed3 \u0102n IT","description":"Chuy\u00ean b\u00e1n \u0110\u1ed3 \u0102n cho IT","publisher":{"@id":"https:\/\/doan.wtf\/#organization"},"potentialAction":[{"@type":"SearchAction","target":{"@type":"EntryPoint","urlTemplate":"https:\/\/doan.wtf\/?s={search_term_string}"},"query-input":{"@type":"PropertyValueSpecification","valueRequired":true,"valueName":"search_term_string"}}],"inLanguage":"en-US"},{"@type":"Organization","@id":"https:\/\/doan.wtf\/#organization","name":"\u0110\u1ed3 \u0102n IT","url":"https:\/\/doan.wtf\/","logo":{"@type":"ImageObject","inLanguage":"en-US","@id":"https:\/\/doan.wtf\/#\/schema\/logo\/image\/","url":"https:\/\/doan.wtf\/wp-content\/uploads\/2025\/12\/Gemini_Generated_Image_xjd15bxjd15bxjd1-scaled.png","contentUrl":"https:\/\/doan.wtf\/wp-content\/uploads\/2025\/12\/Gemini_Generated_Image_xjd15bxjd15bxjd1-scaled.png","width":2560,"height":1396,"caption":"\u0110\u1ed3 \u0102n IT"},"image":{"@id":"https:\/\/doan.wtf\/#\/schema\/logo\/image\/"}}]}},"_links":{"self":[{"href":"https:\/\/doan.wtf\/index.php?rest_route=\/wp\/v2\/pages\/9","targetHints":{"allow":["GET"]}}],"collection":[{"href":"https:\/\/doan.wtf\/index.php?rest_route=\/wp\/v2\/pages"}],"about":[{"href":"https:\/\/doan.wtf\/index.php?rest_route=\/wp\/v2\/types\/page"}],"author":[{"embeddable":true,"href":"https:\/\/doan.wtf\/index.php?rest_route=\/wp\/v2\/users\/1"}],"replies":[{"embeddable":true,"href":"https:\/\/doan.wtf\/index.php?rest_route=%2Fwp%2Fv2%2Fcomments&post=9"}],"version-history":[{"count":1,"href":"https:\/\/doan.wtf\/index.php?rest_route=\/wp\/v2\/pages\/9\/revisions"}],"predecessor-version":[{"id":62,"href":"https:\/\/doan.wtf\/index.php?rest_route=\/wp\/v2\/pages\/9\/revisions\/62"}],"wp:attachment":[{"href":"https:\/\/doan.wtf\/index.php?rest_route=%2Fwp%2Fv2%2Fmedia&parent=9"}],"curies":[{"name":"wp","href":"https:\/\/api.w.org\/{rel}","templated":true}]}}